{"id":3589,"date":"2016-10-05T10:18:58","date_gmt":"2016-10-05T10:18:58","guid":{"rendered":"http:\/\/localhost\/flash-new\/?page_id=125"},"modified":"2023-08-08T13:19:04","modified_gmt":"2023-08-08T13:19:04","slug":"right-sidebar","status":"publish","type":"page","link":"http:\/\/www.hyvantuulenfest.fi\/","title":{"rendered":"HYV\u00c4N TUULEN FEST"},"content":{"rendered":"<p><img title=\"Nimet\u00f6n suunn.malli (4)\" src=\"http:\/\/www.hyvantuulenfest.fi\/wp-content\/uploads\/2020\/06\/Nimet\u00f6n-suunn.malli-4.png\" alt=\"Nimet\u00f6n suunn.malli (4)\"><\/p>\n<h3 style=\"text-align: center;\">Lokkinen on liihottanut tiehens\u00e4 &#8211; emme p\u00e4ivit\u00e4 en\u00e4\u00e4 internet-sivustoa.<\/h3>\n<h3 style=\"text-align: center;\">Seuraa meit\u00e4&nbsp;<a href=\"https:\/\/www.facebook.com\/hyvantuulenfest\/\" target=\"_blank\" rel=\"noopener\"><b>Facebookissa<\/b><\/a>&nbsp;&amp;&nbsp;<a href=\"https:\/\/www.instagram.com\/hyvantuulenfest\/\" target=\"_blank\" rel=\"noopener\"><b>Instagramissa<\/b><\/a><b>&nbsp;<\/b>niin pysyt mukana festien humussa.<\/h3>\n<h2 style=\"text-align: center;\"><b>N\u00e4hd\u00e4\u00e4n festeill\u00e4&nbsp;<br \/>\nlauantaina 2.9.2023,&nbsp;<br \/>\nKLO 11-15&nbsp;<br \/>\nHyv\u00e4ntoivonpuistossa!&nbsp;<\/b><\/h2>\n<p><a href=\"https:\/\/www.facebook.com\/hyvantuulenfest\/\"><br \/>\n<img loading=\"lazy\" width=\"300\" height=\"300\" src=\"http:\/\/www.hyvantuulenfest.fi\/wp-content\/uploads\/2020\/06\/\u2014Pngtree\u2014facebook-social-media-icon_3572498-300x300.png\" alt=\"\" loading=\"lazy\" srcset=\"https:\/\/www.hyvantuulenfest.fi\/wp-content\/uploads\/2020\/06\/\u2014Pngtree\u2014facebook-social-media-icon_3572498-300x300.png 300w, https:\/\/www.hyvantuulenfest.fi\/wp-content\/uploads\/2020\/06\/\u2014Pngtree\u2014facebook-social-media-icon_3572498-150x150.png 150w, https:\/\/www.hyvantuulenfest.fi\/wp-content\/uploads\/2020\/06\/\u2014Pngtree\u2014facebook-social-media-icon_3572498-768x768.png 768w, https:\/\/www.hyvantuulenfest.fi\/wp-content\/uploads\/2020\/06\/\u2014Pngtree\u2014facebook-social-media-icon_3572498-230x230.png 230w, https:\/\/www.hyvantuulenfest.fi\/wp-content\/uploads\/2020\/06\/\u2014Pngtree\u2014facebook-social-media-icon_3572498-350x350.png 350w, https:\/\/www.hyvantuulenfest.fi\/wp-content\/uploads\/2020\/06\/\u2014Pngtree\u2014facebook-social-media-icon_3572498-480x480.png 480w, https:\/\/www.hyvantuulenfest.fi\/wp-content\/uploads\/2020\/06\/\u2014Pngtree\u2014facebook-social-media-icon_3572498.png 800w\" sizes=\"(max-width: 300px) 100vw, 300px\">\t\t\t\t\t\t\t\t<\/a><br \/>\n<a href=\"https:\/\/www.instagram.com\/hyvantuulenfest\/\"><br \/>\n<img loading=\"lazy\" width=\"300\" height=\"287\" src=\"http:\/\/www.hyvantuulenfest.fi\/wp-content\/uploads\/2023\/08\/Untitled-design-34-300x287.png\" alt=\"\" loading=\"lazy\" srcset=\"https:\/\/www.hyvantuulenfest.fi\/wp-content\/uploads\/2023\/08\/Untitled-design-34-300x287.png 300w, https:\/\/www.hyvantuulenfest.fi\/wp-content\/uploads\/2023\/08\/Untitled-design-34-1024x979.png 1024w, https:\/\/www.hyvantuulenfest.fi\/wp-content\/uploads\/2023\/08\/Untitled-design-34-768x734.png 768w, https:\/\/www.hyvantuulenfest.fi\/wp-content\/uploads\/2023\/08\/Untitled-design-34.png 1397w\" sizes=\"(max-width: 300px) 100vw, 300px\">\t\t\t\t\t\t\t\t<\/a><\/p>\n","protected":false},"excerpt":{"rendered":"<p>Lokkinen on liihottanut tiehens\u00e4 &#8211; emme p\u00e4ivit\u00e4 en\u00e4\u00e4 internet-sivustoa. Seuraa meit\u00e4&nbsp;Facebookissa&nbsp;&amp;&nbsp;Instagramissa&nbsp;niin pysyt mukana festien humussa. N\u00e4hd\u00e4\u00e4n festeill\u00e4&nbsp; lauantaina 2.9.2023,&nbsp; KLO 11-15&nbsp; Hyv\u00e4ntoivonpuistossa!&nbsp;<\/p>\n","protected":false},"author":1,"featured_media":4282,"parent":3911,"menu_order":0,"comment_status":"closed","ping_status":"closed","template":"","meta":[],"_links":{"self":[{"href":"http:\/\/www.hyvantuulenfest.fi\/index.php?rest_route=\/wp\/v2\/pages\/3589"}],"collection":[{"href":"http:\/\/www.hyvantuulenfest.fi\/index.php?rest_route=\/wp\/v2\/pages"}],"about":[{"href":"http:\/\/www.hyvantuulenfest.fi\/index.php?rest_route=\/wp\/v2\/types\/page"}],"author":[{"embeddable":true,"href":"http:\/\/www.hyvantuulenfest.fi\/index.php?rest_route=\/wp\/v2\/users\/1"}],"replies":[{"embeddable":true,"href":"http:\/\/www.hyvantuulenfest.fi\/index.php?rest_route=%2Fwp%2Fv2%2Fcomments&post=3589"}],"version-history":[{"count":574,"href":"http:\/\/www.hyvantuulenfest.fi\/index.php?rest_route=\/wp\/v2\/pages\/3589\/revisions"}],"predecessor-version":[{"id":4881,"href":"http:\/\/www.hyvantuulenfest.fi\/index.php?rest_route=\/wp\/v2\/pages\/3589\/revisions\/4881"}],"up":[{"embeddable":true,"href":"http:\/\/www.hyvantuulenfest.fi\/index.php?rest_route=\/wp\/v2\/pages\/3911"}],"wp:featuredmedia":[{"embeddable":true,"href":"http:\/\/www.hyvantuulenfest.fi\/index.php?rest_route=\/wp\/v2\/media\/4282"}],"wp:attachment":[{"href":"http:\/\/www.hyvantuulenfest.fi\/index.php?rest_route=%2Fwp%2Fv2%2Fmedia&parent=3589"}],"curies":[{"name":"wp","href":"https:\/\/api.w.org\/{rel}","templated":true}]}}